{"id":2841,"date":"2019-02-25T05:21:23","date_gmt":"2019-02-25T05:21:23","guid":{"rendered":"http:\/\/www.ventomotors.com.mx\/vento_fs\/?post_type=product&#038;p=2841"},"modified":"2019-08-16T03:53:38","modified_gmt":"2019-08-16T03:53:38","slug":"prod-13","status":"publish","type":"product","link":"https:\/\/www.ventomotors.com.mx\/vento_fs\/shop\/prod-13\/","title":{"rendered":"L\u00edquido Limpiaparabrisas"},"content":{"rendered":"<p>La f\u00f3rmula avanzada del Shampoo Limpia Parabrisas Vento Motors elimina totalmente insectos, polvo, grasa, resina de \u00e1rboles entre otros residuos. Sus ingredientes de alta calidad brindan un excelente resultado. Mejora la capacidad de remover el agua durante la lluvia.<\/p>\n","protected":false},"excerpt":{"rendered":"<p>La f\u00f3rmula avanzada del Shampoo Limpia Parabrisas Vento Motors elimina totalmente insectos, polvo, grasa, resina de \u00e1rboles entre otros residuos. Sus ingredientes de alta calidad brindan un excelente resultado. Mejora la capacidad de remover el agua durante la lluvia.<\/p>\n","protected":false},"featured_media":3148,"comment_status":"open","ping_status":"closed","template":"","meta":[],"_links":{"self":[{"href":"https:\/\/www.ventomotors.com.mx\/vento_fs\/wp-json\/wp\/v2\/product\/2841"}],"collection":[{"href":"https:\/\/www.ventomotors.com.mx\/vento_fs\/wp-json\/wp\/v2\/product"}],"about":[{"href":"https:\/\/www.ventomotors.com.mx\/vento_fs\/wp-json\/wp\/v2\/types\/product"}],"replies":[{"embeddable":true,"href":"https:\/\/www.ventomotors.com.mx\/vento_fs\/wp-json\/wp\/v2\/comments?post=2841"}],"wp:featuredmedia":[{"embeddable":true,"href":"https:\/\/www.ventomotors.com.mx\/vento_fs\/wp-json\/wp\/v2\/media\/3148"}],"wp:attachment":[{"href":"https:\/\/www.ventomotors.com.mx\/vento_fs\/wp-json\/wp\/v2\/media?parent=2841"}],"curies":[{"name":"wp","href":"https:\/\/api.w.org\/{rel}","templated":true}]}}